{"id":426,"date":"2022-10-06T07:55:43","date_gmt":"2022-10-06T07:55:43","guid":{"rendered":"https:\/\/www.sciencefika.se\/?page_id=426"},"modified":"2025-09-26T09:57:22","modified_gmt":"2025-09-26T09:57:22","slug":"om-oss","status":"publish","type":"page","link":"https:\/\/www.sciencefika.se\/?page_id=426","title":{"rendered":"Om oss"},"content":{"rendered":"\n<p>Science Fika \u00e4r en grupp doktorander som \u00e4r intresserade av att dela vetenskapliga koncept med allm\u00e4nheten. Science Fika grundades av Dr. Oreste Affatato och syftet med Science Fika \u00e4r att informera m\u00e4nniskor om ny och sp\u00e4nnande forskning och f\u00f6rhoppningsvis inspirera m\u00e4nniskor att ta del av forskningen ocks\u00e5.<\/p>\n\n\n\n<p>Science Fika-kommitt\u00e9n best\u00e5r f\u00f6r n\u00e4rvarande av tre doktorander:<br>Eszter Szombati (kass\u00f6r), Giacomo Veronese, Ingyin Moe, Lucie Davidov\u00e1 (vice ordf\u00f6rande, sekreterare), Markus de Ruijter (ordf\u00f6rande), och m\u00e5nga frivilliga som hj\u00e4lper att f\u00f6rbereda fikan.<\/p>\n\n\n\n<p>Vi tackar \u00e4ven v\u00e5ra tidigare volont\u00e4rer f\u00f6r deras h\u00e5rda arbete:<br>Aleksandr Sokolov, Amelia Dahl\u00e9n, Francesco Cricchio, Lukas Zeger, Manon Dubol, Nadja Visser, och Xinran Zhao.<\/p>\n\n\n\n<p>Vi \u00e4r angel\u00e4gna om att ut\u00f6ka v\u00e5r kommitt\u00e9. Om du vill delta, v\u00e4nligen kontakta oss p\u00e5 <strong>info@sciencefika.se<\/strong><\/p>\n\n\n\n<h2 class=\"wp-block-heading\">Lika samh\u00e4llen<\/h2>\n\n\n\n<p><strong>Open Science Uppsala<\/strong><br>Open Science \u00e4r till\u00e4mpningen av den vetenskapliga metoden p\u00e5 ett s\u00e5 transparent s\u00e4tt som m\u00f6jligt, s\u00e5som Open Access-document, Open (och FAIR) Data, Open Code, Open peer-review, &#8220;preregistration and registered reports&#8221;, vilket resulterar i forskning som \u00e4r (mer sannolikt) reproducerbar. Denna grupp diskuterar f\u00f6r- och nackdelar med Open Science genom att diskutera uppsatser och bjuda in talare.<br>Mer information om Open Science Uppsala finns <a href=\"https:\/\/open-science-uppsala.github.io\/open_science_uppsala\/\">h\u00e4r<\/a>.<\/p>\n\n\n\n<p><strong>ScientiFika<\/strong><br>ScientiFika \u00e4r platsen att vara varje fredagseftermiddag om du vill l\u00e4ra dig mer om en m\u00e4ngd olika forskningsomr\u00e5den, samtidigt som du njuter av uts\u00f6kt fika! Vi sammanf\u00f6r forskare fr\u00e5n olika universitet i Stockholm f\u00f6r att dela deras passion f\u00f6r vetenskap och relaterade \u00e4mnen, samtidigt som vi skapar en djup k\u00e4nsla av gemenskap bland yngre forskare. Bes\u00f6k deras webbplats <a href=\"https:\/\/scientifika.se\/\">h\u00e4r<\/a>.<\/p>\n\n\n\n<h2 class=\"wp-block-heading\">Sponsorer<\/h2>\n\n\n\n<p>Vi skulle vilja tacka f\u00f6ljande organisationer som sponsrar Science Fika:<\/p>\n\n\n\n<div class=\"wp-block-group is-layout-grid wp-container-core-group-is-layout-baef362d wp-block-group-is-layout-grid\">\n<figure class=\"wp-block-image size-medium\"><a href=\"https:\/\/www.folkuniversitetet.se\/\"><img loading=\"lazy\" decoding=\"async\" width=\"300\" height=\"56\" src=\"https:\/\/www.sciencefika.se\/wp-content\/uploads\/2025\/03\/folkuniversitetet_logo-300x56.png\" alt=\"Folksuniversitetet\" class=\"wp-image-739\" srcset=\"https:\/\/www.sciencefika.se\/wp-content\/uploads\/2025\/03\/folkuniversitetet_logo-300x56.png 300w, https:\/\/www.sciencefika.se\/wp-content\/uploads\/2025\/03\/folkuniversitetet_logo-768x144.png 768w, https:\/\/www.sciencefika.se\/wp-content\/uploads\/2025\/03\/folkuniversitetet_logo.png 875w\" sizes=\"auto, (max-width: 300px) 100vw, 300px\" \/><\/a><\/figure>\n\n\n\n<figure class=\"wp-block-image size-medium\"><a href=\"https:\/\/ynfuse.com\/\"><img loading=\"lazy\" decoding=\"async\" width=\"300\" height=\"73\" src=\"https:\/\/www.sciencefika.se\/wp-content\/uploads\/2025\/03\/ynfuse_logo_and_slogan_transparant2-300x73.png\" alt=\"Ynfuse\" class=\"wp-image-741\" srcset=\"https:\/\/www.sciencefika.se\/wp-content\/uploads\/2025\/03\/ynfuse_logo_and_slogan_transparant2-300x73.png 300w, https:\/\/www.sciencefika.se\/wp-content\/uploads\/2025\/03\/ynfuse_logo_and_slogan_transparant2-1024x250.png 1024w, https:\/\/www.sciencefika.se\/wp-content\/uploads\/2025\/03\/ynfuse_logo_and_slogan_transparant2-768x188.png 768w, https:\/\/www.sciencefika.se\/wp-content\/uploads\/2025\/03\/ynfuse_logo_and_slogan_transparant2.png 1097w\" sizes=\"auto, (max-width: 300px) 100vw, 300px\" \/><\/a><\/figure>\n<\/div>\n","protected":false},"excerpt":{"rendered":"<p>Science Fika \u00e4r en grupp doktorander som \u00e4r intresserade av att dela vetenskapliga koncept med allm\u00e4nheten. Science Fika grundades av Dr. Oreste Affatato och syftet med Science Fika \u00e4r att informera m\u00e4nniskor om ny och sp\u00e4nnande forskning och f\u00f6rhoppningsvis inspirera m\u00e4nniskor att ta del av forskningen ocks\u00e5. Science Fika-kommitt\u00e9n best\u00e5r f\u00f6r n\u00e4rvarande av tre doktorander:Eszter&#8230;<\/p>\n","protected":false},"author":1,"featured_media":87,"parent":0,"menu_order":0,"comment_status":"closed","ping_status":"closed","template":"","meta":{"_acf_changed":false,"_kad_post_transparent":"","_kad_post_title":"","_kad_post_layout":"","_kad_post_sidebar_id":"","_kad_post_content_style":"","_kad_post_vertical_padding":"","_kad_post_feature":"","_kad_post_feature_position":"","_kad_post_header":false,"_kad_post_footer":false,"footnotes":""},"class_list":["post-426","page","type-page","status-publish","has-post-thumbnail","hentry"],"acf":[],"_links":{"self":[{"href":"https:\/\/www.sciencefika.se\/index.php?rest_route=\/wp\/v2\/pages\/426","targetHints":{"allow":["GET"]}}],"collection":[{"href":"https:\/\/www.sciencefika.se\/index.php?rest_route=\/wp\/v2\/pages"}],"about":[{"href":"https:\/\/www.sciencefika.se\/index.php?rest_route=\/wp\/v2\/types\/page"}],"author":[{"embeddable":true,"href":"https:\/\/www.sciencefika.se\/index.php?rest_route=\/wp\/v2\/users\/1"}],"replies":[{"embeddable":true,"href":"https:\/\/www.sciencefika.se\/index.php?rest_route=%2Fwp%2Fv2%2Fcomments&post=426"}],"version-history":[{"count":17,"href":"https:\/\/www.sciencefika.se\/index.php?rest_route=\/wp\/v2\/pages\/426\/revisions"}],"predecessor-version":[{"id":847,"href":"https:\/\/www.sciencefika.se\/index.php?rest_route=\/wp\/v2\/pages\/426\/revisions\/847"}],"wp:featuredmedia":[{"embeddable":true,"href":"https:\/\/www.sciencefika.se\/index.php?rest_route=\/wp\/v2\/media\/87"}],"wp:attachment":[{"href":"https:\/\/www.sciencefika.se\/index.php?rest_route=%2Fwp%2Fv2%2Fmedia&parent=426"}],"curies":[{"name":"wp","href":"https:\/\/api.w.org\/{rel}","templated":true}]}}