{"id":389,"date":"2022-08-09T12:33:45","date_gmt":"2022-08-09T12:33:45","guid":{"rendered":"https:\/\/www.sciencefika.se\/?page_id=389"},"modified":"2025-06-13T12:36:30","modified_gmt":"2025-06-13T12:36:30","slug":"science-fika-2","status":"publish","type":"page","link":"https:\/\/www.sciencefika.se\/?page_id=389&lang=en","title":{"rendered":"Science Fika"},"content":{"rendered":"\n<p>What are the ultimate elements that constitute the matter in our universe? What gives origin to shining stars and black holes? How many worlds are there? What are the mechanisms that can deteriorate our health and eventually lead to disease? What are the secret forces that drove simple chemical compounds to form more complex molecules that ultimately created life on Earth? The universe uses humanity to answer these questions. Science is one of the ways the universe uses to interrogate itself.  And to pose the final question: why there is something rather than nothing?<\/p>\n\n\n\n<p class=\"has-medium-font-size\"><strong>A different kind of fika<\/strong><\/p>\n\n\n\n<p>Come and enjoy some coffee and science!<br>The Science Fika is a recurring event where we share our passion for science and talk about different topics in easy-to-understand language. At each event a speaker will have a 20 minutes presentation about a scientific concept, to stimulate your curiosity and to show you the beauty of science. We will provide free fika after the presentation, giving you the opportunity to mingle and discuss in a more informal way. So welcome, sit back and enjoy some exciting science!<\/p>\n\n\n\n<p>Lectures will take place in collaboration with Folkuniversitetet and Proteintech in spring 2025<\/p>\n\n\n\n<h2 class=\"wp-block-heading\">Upcoming Fikas<\/h2>\n\n\n<div id=\"vsel\" class=\"vsel-shortcode vsel-shortcode-upcoming-events\"><p class=\"vsel-no-events\">No events are found.<\/p><\/div>\n\n\n\n<hr class=\"wp-block-separator has-alpha-channel-opacity is-style-dots\"\/>\n\n\n\n<hr class=\"wp-block-separator has-text-color has-theme-palette-9-color has-alpha-channel-opacity has-theme-palette-9-background-color has-background is-style-wide\"\/>\n\n\n\n<h2 class=\"wp-block-heading\">Past Fikas<\/h2>\n\n\n<div id=\"vsel\" class=\"vsel-shortcode vsel-shortcode-past-events\"><div id=\"event-817\" class=\"vsel-content sprk_eng vsel-past\"><div class=\"vsel-meta vsel-alignright\" style=\"width:25%;\"><div class=\"vsel-meta-date vsel-meta-single-date\"><span>Dec 14, 2025<\/span><\/div><div class=\"vsel-meta-time\">Time: <span>16:00<\/span><\/div><div class=\"vsel-meta-location\">Location: <span>Folkuniversitetet - Bergsbrunnagatan 1<\/span><\/div><div class=\"vsel-acf-talare\"><span class=\"acf-field-name\">Talare: <\/span><span class=\"acf-field-value\">Donglei Chen<\/span><\/div><div class=\"vsel-meta-cats\">Spr\u00e5k: Engelska<\/div><\/div><div class=\"vsel-info vsel-alignleft\" style=\"width:71%;\"><figure class=\"vsel-image vsel-alignleft\" style=\"max-width:30%;\"><img loading=\"lazy\" decoding=\"async\" width=\"2307\" height=\"2307\" src=\"https:\/\/www.sciencefika.se\/wp-content\/uploads\/2025\/09\/Donglei-Chen.jpg\" class=\"vsel-image-img wp-post-image\" alt=\"Donglei Chen\" srcset=\"https:\/\/www.sciencefika.se\/wp-content\/uploads\/2025\/09\/Donglei-Chen.jpg 2307w, https:\/\/www.sciencefika.se\/wp-content\/uploads\/2025\/09\/Donglei-Chen-300x300.jpg 300w, https:\/\/www.sciencefika.se\/wp-content\/uploads\/2025\/09\/Donglei-Chen-1024x1024.jpg 1024w, https:\/\/www.sciencefika.se\/wp-content\/uploads\/2025\/09\/Donglei-Chen-150x150.jpg 150w, https:\/\/www.sciencefika.se\/wp-content\/uploads\/2025\/09\/Donglei-Chen-768x768.jpg 768w, https:\/\/www.sciencefika.se\/wp-content\/uploads\/2025\/09\/Donglei-Chen-1536x1536.jpg 1536w, https:\/\/www.sciencefika.se\/wp-content\/uploads\/2025\/09\/Donglei-Chen-2048x2048.jpg 2048w\" sizes=\"auto, (max-width: 2307px) 100vw, 2307px\" \/><\/figure><div class=\"vsel-text\"><h1>Att vara tuff: hur den 360 miljoner \u00e5r gamla fossila huden ber\u00e4ttar om de tidigaste landryggradsdjurens liv<\/h1>\n<p>F\u00f6r 400 miljoner \u00e5r sedan var v\u00e5ra f\u00f6rf\u00e4der fiskar. F\u00f6r att stiga upp p\u00e5 land beh\u00f6vde de inte bara ben, utan ocks\u00e5 en ny hud som kunde f\u00f6rhindra att kroppen torkade ut. Nyligen uppt\u00e4cktes huden fr\u00e5n de f\u00f6rsta landborna, f\u00f6rv\u00e5nansv\u00e4rt olik amfibiehud. Den antyder en livsstil som saknar motsvarighet hos levande djur.<\/p>\n\n\n<p><\/p>\n<\/div><\/div><\/div><div id=\"event-818\" class=\"vsel-content lang_eng vsel-past\"><div class=\"vsel-meta vsel-alignright\" style=\"width:25%;\"><div class=\"vsel-meta-date vsel-meta-single-date\"><span>Dec 14, 2025<\/span><\/div><div class=\"vsel-meta-time\">Time: <span>16:00<\/span><\/div><div class=\"vsel-meta-location\">Location: <span>Folkuniversitetet - Bergsbrunnagatan 1<\/span><\/div><div class=\"vsel-acf-speaker\"><span class=\"acf-field-name\">Speaker: <\/span><span class=\"acf-field-value\">Donglei Chen<\/span><\/div><div class=\"vsel-meta-cats\">Language: English<\/div><\/div><div class=\"vsel-info vsel-alignleft\" style=\"width:71%;\"><figure class=\"vsel-image vsel-alignleft\" style=\"max-width:30%;\"><img loading=\"lazy\" decoding=\"async\" width=\"2307\" height=\"2307\" src=\"https:\/\/www.sciencefika.se\/wp-content\/uploads\/2025\/09\/Donglei-Chen.jpg\" class=\"vsel-image-img wp-post-image\" alt=\"Donglei Chen\" srcset=\"https:\/\/www.sciencefika.se\/wp-content\/uploads\/2025\/09\/Donglei-Chen.jpg 2307w, https:\/\/www.sciencefika.se\/wp-content\/uploads\/2025\/09\/Donglei-Chen-300x300.jpg 300w, https:\/\/www.sciencefika.se\/wp-content\/uploads\/2025\/09\/Donglei-Chen-1024x1024.jpg 1024w, https:\/\/www.sciencefika.se\/wp-content\/uploads\/2025\/09\/Donglei-Chen-150x150.jpg 150w, https:\/\/www.sciencefika.se\/wp-content\/uploads\/2025\/09\/Donglei-Chen-768x768.jpg 768w, https:\/\/www.sciencefika.se\/wp-content\/uploads\/2025\/09\/Donglei-Chen-1536x1536.jpg 1536w, https:\/\/www.sciencefika.se\/wp-content\/uploads\/2025\/09\/Donglei-Chen-2048x2048.jpg 2048w\" sizes=\"auto, (max-width: 2307px) 100vw, 2307px\" \/><\/figure><div class=\"vsel-text\"><h1>To be tough: how the 360-million-year-old fossil skin tells us about the lives of the earliest land vertebrates<\/h1>\n<p>400 million years ago, our ancestors were fish. To step onto land, they needed not only legs, but also a new skin that could prevent the body from drying out. Recently, the skin of those first land dwellers was discovered, surprisingly distinct from amphibian skin. It suggests a lifestyle that has no equivalent in living animals.<\/p>\n\n\n<p><\/p>\n<\/div><\/div><\/div><div id=\"event-815\" class=\"vsel-content sprk_eng vsel-past\"><div class=\"vsel-meta vsel-alignright\" style=\"width:25%;\"><div class=\"vsel-meta-date vsel-meta-single-date\"><span>Dec 2, 2025<\/span><\/div><div class=\"vsel-meta-time\">Time: <span>18:00<\/span><\/div><div class=\"vsel-meta-location\">Location: <span>Folkuniversitetet - Bergsbrunnagatan 1<\/span><\/div><div class=\"vsel-acf-talare\"><span class=\"acf-field-name\">Talare: <\/span><span class=\"acf-field-value\">Jane Malcolm Davies<\/span><\/div><div class=\"vsel-meta-cats\">Spr\u00e5k: Engelska<\/div><\/div><div class=\"vsel-info vsel-alignleft\" style=\"width:71%;\"><figure class=\"vsel-image vsel-alignleft\" style=\"max-width:30%;\"><img loading=\"lazy\" decoding=\"async\" width=\"335\" height=\"335\" src=\"https:\/\/www.sciencefika.se\/wp-content\/uploads\/2025\/09\/Jane01_small.png\" class=\"vsel-image-img wp-post-image\" alt=\"Jane01_small\" srcset=\"https:\/\/www.sciencefika.se\/wp-content\/uploads\/2025\/09\/Jane01_small.png 335w, https:\/\/www.sciencefika.se\/wp-content\/uploads\/2025\/09\/Jane01_small-300x300.png 300w, https:\/\/www.sciencefika.se\/wp-content\/uploads\/2025\/09\/Jane01_small-150x150.png 150w\" sizes=\"auto, (max-width: 335px) 100vw, 335px\" \/><\/figure><div class=\"vsel-text\"><h1>Scarlatto, karmin och rossi: Unders\u00f6kning av r\u00f6da f\u00e4rg\u00e4mnen i tidigmoderna stickade m\u00f6ssor<\/h1>\n<p>En multianalytisk metod f\u00f6r identifiering av r\u00f6da f\u00e4rg\u00e4mnen i sex arkeologiska och historiska stickade m\u00f6ssor avsl\u00f6jade tre olika f\u00e4rg\u00e4mnen och fyra recept anv\u00e4ndes f\u00f6r att uppn\u00e5 f\u00e4rgerna. Ett uppf\u00f6ljande experimentellt rekonstruktionsprojekt unders\u00f6kte hur dessa r\u00f6da nyanser kan ha framst\u00e4llts med hj\u00e4lp av recept fr\u00e5n 1500-talet.<\/p>\n\n\n<p><\/p>\n<\/div><\/div><\/div><div id=\"event-816\" class=\"vsel-content lang_eng vsel-past\"><div class=\"vsel-meta vsel-alignright\" style=\"width:25%;\"><div class=\"vsel-meta-date vsel-meta-single-date\"><span>Dec 2, 2025<\/span><\/div><div class=\"vsel-meta-time\">Time: <span>18:00<\/span><\/div><div class=\"vsel-meta-location\">Location: <span>Folkuniversitetet - Bergsbrunnagatan 1<\/span><\/div><div class=\"vsel-acf-speaker\"><span class=\"acf-field-name\">Speaker: <\/span><span class=\"acf-field-value\">Jane Malcolm Davies<\/span><\/div><div class=\"vsel-meta-cats\">Language: English<\/div><\/div><div class=\"vsel-info vsel-alignleft\" style=\"width:71%;\"><figure class=\"vsel-image vsel-alignleft\" style=\"max-width:30%;\"><img loading=\"lazy\" decoding=\"async\" width=\"335\" height=\"335\" src=\"https:\/\/www.sciencefika.se\/wp-content\/uploads\/2025\/09\/Jane01_small.png\" class=\"vsel-image-img wp-post-image\" alt=\"Jane01_small\" srcset=\"https:\/\/www.sciencefika.se\/wp-content\/uploads\/2025\/09\/Jane01_small.png 335w, https:\/\/www.sciencefika.se\/wp-content\/uploads\/2025\/09\/Jane01_small-300x300.png 300w, https:\/\/www.sciencefika.se\/wp-content\/uploads\/2025\/09\/Jane01_small-150x150.png 150w\" sizes=\"auto, (max-width: 335px) 100vw, 335px\" \/><\/figure><div class=\"vsel-text\"><h1>Scarlatto, carmine and rossi: Investigating red dyes in early modern<br \/>knitted caps<\/h1>\n<p>A multi-analytical approach to the identification of red dyes in six archaeological and historical knitted caps revealed three different dyestuffs and four recipes were used to achieve the colors. A follow-up experimental reconstruction project explored how these reds may have been produced using 16th century recipes.<\/p>\n\n\n<p><\/p>\n<\/div><\/div><\/div><div id=\"event-813\" class=\"vsel-content sprk_swe vsel-past\"><div class=\"vsel-meta vsel-alignright\" style=\"width:25%;\"><div class=\"vsel-meta-date vsel-meta-single-date\"><span>Nov 16, 2025<\/span><\/div><div class=\"vsel-meta-time\">Time: <span>16:00<\/span><\/div><div class=\"vsel-meta-location\">Location: <span>Folkuniversitetet - Bergsbrunnagatan 1<\/span><\/div><div class=\"vsel-acf-talare\"><span class=\"acf-field-name\">Talare: <\/span><span class=\"acf-field-value\">Sigrid Berglund<\/span><\/div><div class=\"vsel-meta-cats\">Spr\u00e5k: Svenska<\/div><\/div><div class=\"vsel-info vsel-alignleft\" style=\"width:71%;\"><figure class=\"vsel-image vsel-alignleft\" style=\"max-width:30%;\"><img loading=\"lazy\" decoding=\"async\" width=\"1003\" height=\"1003\" src=\"https:\/\/www.sciencefika.se\/wp-content\/uploads\/2025\/09\/Sigrid-Berglund.png\" class=\"vsel-image-img wp-post-image\" alt=\"Sigrid Berglund\" srcset=\"https:\/\/www.sciencefika.se\/wp-content\/uploads\/2025\/09\/Sigrid-Berglund.png 1003w, https:\/\/www.sciencefika.se\/wp-content\/uploads\/2025\/09\/Sigrid-Berglund-300x300.png 300w, https:\/\/www.sciencefika.se\/wp-content\/uploads\/2025\/09\/Sigrid-Berglund-150x150.png 150w, https:\/\/www.sciencefika.se\/wp-content\/uploads\/2025\/09\/Sigrid-Berglund-768x768.png 768w\" sizes=\"auto, (max-width: 1003px) 100vw, 1003px\" \/><\/figure><div class=\"vsel-text\"><h1>Inspiration fr\u00e5n naturen f\u00f6r att tillverka framtidens br\u00e4nslen<\/h1>\n<p>I jakten p\u00e5 h\u00e5llbara br\u00e4nslen kan v\u00e4tgas, som bara ger vatten som biprodukt, bli en l\u00f6sning, och Sigrid utvecklar bioinspirerade molekyler f\u00f6r gr\u00f6n produktion.<\/p>\n\n\n<p><\/p>\n<\/div><\/div><\/div><div id=\"event-814\" class=\"vsel-content lang_swe vsel-past\"><div class=\"vsel-meta vsel-alignright\" style=\"width:25%;\"><div class=\"vsel-meta-date vsel-meta-single-date\"><span>Nov 16, 2025<\/span><\/div><div class=\"vsel-meta-time\">Time: <span>16:00<\/span><\/div><div class=\"vsel-meta-location\">Location: <span>Folkuniversitetet - Bergsbrunnagatan 1<\/span><\/div><div class=\"vsel-acf-speaker\"><span class=\"acf-field-name\">Speaker: <\/span><span class=\"acf-field-value\"> Sigrid Berglund<\/span><\/div><div class=\"vsel-meta-cats\">Language: Swedish<\/div><\/div><div class=\"vsel-info vsel-alignleft\" style=\"width:71%;\"><figure class=\"vsel-image vsel-alignleft\" style=\"max-width:30%;\"><img loading=\"lazy\" decoding=\"async\" width=\"1003\" height=\"1003\" src=\"https:\/\/www.sciencefika.se\/wp-content\/uploads\/2025\/09\/Sigrid-Berglund.png\" class=\"vsel-image-img wp-post-image\" alt=\"Sigrid Berglund\" srcset=\"https:\/\/www.sciencefika.se\/wp-content\/uploads\/2025\/09\/Sigrid-Berglund.png 1003w, https:\/\/www.sciencefika.se\/wp-content\/uploads\/2025\/09\/Sigrid-Berglund-300x300.png 300w, https:\/\/www.sciencefika.se\/wp-content\/uploads\/2025\/09\/Sigrid-Berglund-150x150.png 150w, https:\/\/www.sciencefika.se\/wp-content\/uploads\/2025\/09\/Sigrid-Berglund-768x768.png 768w\" sizes=\"auto, (max-width: 1003px) 100vw, 1003px\" \/><\/figure><div class=\"vsel-text\"><h1>Taking inspiration from nature to make the fuels of the future<\/h1>\n<p>In the search for sustainable fuels, hydrogen, which only produces water as a byproduct, could be a solution, and Sigrid is developing bioinspired molecules for green production.<\/p>\n\n\n<p><\/p>\n<\/div><\/div><\/div><div id=\"event-811\" class=\"vsel-content sprk_swe vsel-past\"><div class=\"vsel-meta vsel-alignright\" style=\"width:25%;\"><div class=\"vsel-meta-date vsel-meta-single-date\"><span>Nov 4, 2025<\/span><\/div><div class=\"vsel-meta-time\">Time: <span>18:00<\/span><\/div><div class=\"vsel-meta-location\">Location: <span>Folkuniversitetet - Bergsbrunnagatan 1<\/span><\/div><div class=\"vsel-acf-talare\"><span class=\"acf-field-name\">Talare: <\/span><span class=\"acf-field-value\">Staffan Yngve<\/span><\/div><div class=\"vsel-meta-cats\">Spr\u00e5k: Svenska<\/div><\/div><div class=\"vsel-info vsel-alignleft\" style=\"width:71%;\"><figure class=\"vsel-image vsel-alignleft\" style=\"max-width:30%;\"><img loading=\"lazy\" decoding=\"async\" width=\"716\" height=\"716\" src=\"https:\/\/www.sciencefika.se\/wp-content\/uploads\/2025\/09\/Staffan.png\" class=\"vsel-image-img wp-post-image\" alt=\"Staffan\" srcset=\"https:\/\/www.sciencefika.se\/wp-content\/uploads\/2025\/09\/Staffan.png 716w, https:\/\/www.sciencefika.se\/wp-content\/uploads\/2025\/09\/Staffan-300x300.png 300w, https:\/\/www.sciencefika.se\/wp-content\/uploads\/2025\/09\/Staffan-150x150.png 150w\" sizes=\"auto, (max-width: 716px) 100vw, 716px\" \/><\/figure><div class=\"vsel-text\"><h1>S\u00e5pbubblor: ingen barnlek f\u00f6r vetenskapen<\/h1>\n<p>Newton ska ha inspirerats av s\u00e5pbubblor, och Staffan visar ytsp\u00e4nning med roliga experiment som dubbelbubblor och att \u201cpierca\u201d bubblor utan att de spricker.<\/p>\n\n\n<p><\/p>\n<\/div><\/div><\/div><div id=\"event-812\" class=\"vsel-content lang_swe vsel-past\"><div class=\"vsel-meta vsel-alignright\" style=\"width:25%;\"><div class=\"vsel-meta-date vsel-meta-single-date\"><span>Nov 4, 2025<\/span><\/div><div class=\"vsel-meta-time\">Time: <span>18:00<\/span><\/div><div class=\"vsel-meta-location\">Location: <span>Folkuniversitetet - Bergsbrunnagatan 1<\/span><\/div><div class=\"vsel-acf-speaker\"><span class=\"acf-field-name\">Speaker: <\/span><span class=\"acf-field-value\">Staffan Yngve<\/span><\/div><div class=\"vsel-meta-cats\">Language: Swedish<\/div><\/div><div class=\"vsel-info vsel-alignleft\" style=\"width:71%;\"><figure class=\"vsel-image vsel-alignleft\" style=\"max-width:30%;\"><img loading=\"lazy\" decoding=\"async\" width=\"716\" height=\"716\" src=\"https:\/\/www.sciencefika.se\/wp-content\/uploads\/2025\/09\/Staffan.png\" class=\"vsel-image-img wp-post-image\" alt=\"Staffan\" srcset=\"https:\/\/www.sciencefika.se\/wp-content\/uploads\/2025\/09\/Staffan.png 716w, https:\/\/www.sciencefika.se\/wp-content\/uploads\/2025\/09\/Staffan-300x300.png 300w, https:\/\/www.sciencefika.se\/wp-content\/uploads\/2025\/09\/Staffan-150x150.png 150w\" sizes=\"auto, (max-width: 716px) 100vw, 716px\" \/><\/figure><div class=\"vsel-text\"><h1>Soap bubbles: no child&#8217;s play for science<\/h1>\n<p>Newton is said to have been inspired by soap bubbles, and Staffan demonstrates surface tension with fun experiments such as double bubbles and \u201cpiercing\u201d bubbles without them bursting.<\/p>\n\n\n<p><\/p>\n<\/div><\/div><\/div><div id=\"event-810\" class=\"vsel-content sprk_eng vsel-past\"><div class=\"vsel-meta vsel-alignright\" style=\"width:25%;\"><div class=\"vsel-meta-date vsel-meta-single-date\"><span>Oct 19, 2025<\/span><\/div><div class=\"vsel-meta-time\">Time: <span>16:00<\/span><\/div><div class=\"vsel-meta-location\">Location: <span>Folkuniversitetet - Bergsbrunnagatan 1<\/span><\/div><div class=\"vsel-acf-talare\"><span class=\"acf-field-name\">Talare: <\/span><span class=\"acf-field-value\">Iana Strigunova<\/span><\/div><div class=\"vsel-meta-cats\">Spr\u00e5k: Engelska<\/div><\/div><div class=\"vsel-info vsel-alignleft\" style=\"width:71%;\"><figure class=\"vsel-image vsel-alignleft\" style=\"max-width:30%;\"><img loading=\"lazy\" decoding=\"async\" width=\"1344\" height=\"1344\" src=\"https:\/\/www.sciencefika.se\/wp-content\/uploads\/2025\/09\/Iana-Strigunova.png\" class=\"vsel-image-img wp-post-image\" alt=\"Iana Strigunova\" srcset=\"https:\/\/www.sciencefika.se\/wp-content\/uploads\/2025\/09\/Iana-Strigunova.png 1344w, https:\/\/www.sciencefika.se\/wp-content\/uploads\/2025\/09\/Iana-Strigunova-300x300.png 300w, https:\/\/www.sciencefika.se\/wp-content\/uploads\/2025\/09\/Iana-Strigunova-1024x1024.png 1024w, https:\/\/www.sciencefika.se\/wp-content\/uploads\/2025\/09\/Iana-Strigunova-150x150.png 150w, https:\/\/www.sciencefika.se\/wp-content\/uploads\/2025\/09\/Iana-Strigunova-768x768.png 768w\" sizes=\"auto, (max-width: 1344px) 100vw, 1344px\" \/><\/figure><div class=\"vsel-text\"><h1>Rossbyv\u00e5gutmaningen: Att f\u00f6rst\u00e5 framtida v\u00e4derextremer<\/h1>\n<p>Gigantiska Rossby-v\u00e5gor i atmosf\u00e4ren p\u00e5verkar v\u00e5rt v\u00e4der, fr\u00e5n k\u00f6ldkn\u00e4ppar till v\u00e4rmeb\u00f6ljor, och klimatf\u00f6r\u00e4ndringarna kan g\u00f6ra deras effekter \u00e4nnu starkare.<\/p>\n\n\n<p><\/p>\n<\/div><\/div><\/div><div id=\"event-809\" class=\"vsel-content lang_eng vsel-past\"><div class=\"vsel-meta vsel-alignright\" style=\"width:25%;\"><div class=\"vsel-meta-date vsel-meta-single-date\"><span>Oct 19, 2025<\/span><\/div><div class=\"vsel-meta-time\">Time: <span>16:00<\/span><\/div><div class=\"vsel-meta-location\">Location: <span>Folkuniversitetet - Bergsbrunnagatan 1<\/span><\/div><div class=\"vsel-acf-speaker\"><span class=\"acf-field-name\">Speaker: <\/span><span class=\"acf-field-value\">Iana Strigunova<\/span><\/div><div class=\"vsel-meta-cats\">Language: English<\/div><\/div><div class=\"vsel-info vsel-alignleft\" style=\"width:71%;\"><figure class=\"vsel-image vsel-alignleft\" style=\"max-width:30%;\"><img loading=\"lazy\" decoding=\"async\" width=\"1344\" height=\"1344\" src=\"https:\/\/www.sciencefika.se\/wp-content\/uploads\/2025\/09\/Iana-Strigunova.png\" class=\"vsel-image-img wp-post-image\" alt=\"Iana Strigunova\" srcset=\"https:\/\/www.sciencefika.se\/wp-content\/uploads\/2025\/09\/Iana-Strigunova.png 1344w, https:\/\/www.sciencefika.se\/wp-content\/uploads\/2025\/09\/Iana-Strigunova-300x300.png 300w, https:\/\/www.sciencefika.se\/wp-content\/uploads\/2025\/09\/Iana-Strigunova-1024x1024.png 1024w, https:\/\/www.sciencefika.se\/wp-content\/uploads\/2025\/09\/Iana-Strigunova-150x150.png 150w, https:\/\/www.sciencefika.se\/wp-content\/uploads\/2025\/09\/Iana-Strigunova-768x768.png 768w\" sizes=\"auto, (max-width: 1344px) 100vw, 1344px\" \/><\/figure><div class=\"vsel-text\"><h1>The Rossby Wave Challenge: Understanding Future Weather Extremes<\/h1>\n<p>Gigantic Rossby waves in the atmosphere drive our weather, from cold snaps to heatwaves, and climate change could make their impacts even stronger.<\/p>\n\n\n<p><\/p>\n<\/div><\/div><\/div><div class=\"vsel-nav\"><a href=\"https:\/\/www.sciencefika.se\/index.php?rest_route=%2Fwp%2Fv2%2Fpages%2F389&#038;paged=2\" class=\"vsel-next\">Next &raquo;<\/a><\/div><\/div>\n","protected":false},"excerpt":{"rendered":"<p>What are the ultimate elements that constitute the matter in our universe? What gives origin to shining stars and black holes? How many worlds are there? What are the mechanisms that can deteriorate our health and eventually lead to disease? What are the secret forces that drove simple chemical compounds to form more complex molecules&#8230;<\/p>\n","protected":false},"author":1,"featured_media":87,"parent":0,"menu_order":0,"comment_status":"closed","ping_status":"closed","template":"","meta":{"_acf_changed":false,"_kad_post_transparent":"","_kad_post_title":"","_kad_post_layout":"","_kad_post_sidebar_id":"","_kad_post_content_style":"","_kad_post_vertical_padding":"","_kad_post_feature":"","_kad_post_feature_position":"","_kad_post_header":false,"_kad_post_footer":false,"footnotes":""},"class_list":["post-389","page","type-page","status-publish","has-post-thumbnail","hentry"],"acf":[],"_links":{"self":[{"href":"https:\/\/www.sciencefika.se\/index.php?rest_route=\/wp\/v2\/pages\/389","targetHints":{"allow":["GET"]}}],"collection":[{"href":"https:\/\/www.sciencefika.se\/index.php?rest_route=\/wp\/v2\/pages"}],"about":[{"href":"https:\/\/www.sciencefika.se\/index.php?rest_route=\/wp\/v2\/types\/page"}],"author":[{"embeddable":true,"href":"https:\/\/www.sciencefika.se\/index.php?rest_route=\/wp\/v2\/users\/1"}],"replies":[{"embeddable":true,"href":"https:\/\/www.sciencefika.se\/index.php?rest_route=%2Fwp%2Fv2%2Fcomments&post=389"}],"version-history":[{"count":16,"href":"https:\/\/www.sciencefika.se\/index.php?rest_route=\/wp\/v2\/pages\/389\/revisions"}],"predecessor-version":[{"id":793,"href":"https:\/\/www.sciencefika.se\/index.php?rest_route=\/wp\/v2\/pages\/389\/revisions\/793"}],"wp:featuredmedia":[{"embeddable":true,"href":"https:\/\/www.sciencefika.se\/index.php?rest_route=\/wp\/v2\/media\/87"}],"wp:attachment":[{"href":"https:\/\/www.sciencefika.se\/index.php?rest_route=%2Fwp%2Fv2%2Fmedia&parent=389"}],"curies":[{"name":"wp","href":"https:\/\/api.w.org\/{rel}","templated":true}]}}